{"id":353,"date":"2024-11-24T13:05:17","date_gmt":"2024-11-24T12:05:17","guid":{"rendered":"https:\/\/mimes.hr\/uvjeti-rezervacija\/"},"modified":"2025-06-25T19:34:05","modified_gmt":"2025-06-25T17:34:05","slug":"reservation-conditions","status":"publish","type":"page","link":"https:\/\/mimes.hr\/en\/reservation-conditions\/","title":{"rendered":"Reservation conditions"},"content":{"rendered":"<p>Dobrodo\u0161li u Mime\u2019s! Kako bismo osigurali ugodno iskustvo za sve na\u0161e goste, postavili smo sljede\u0107e uvjete rezervacija.<\/p>\n<h2>1. Potvrda rezervacije<\/h2>\n<ul>\n<li>Rezervacija stola smatra se potvr\u0111enom kada dobijete e-mail ili SMS potvrdu da je rezervacija upisana.<\/li>\n<li>Molimo da provjerite to\u010dnost unesenih podataka tijekom rezervacije.<\/li>\n<\/ul>\n<h2>2. Vrijeme dolaska<\/h2>\n<ul>\n<li>Rezervirani stol bit \u0107e zadr\u017ean 20 minuta od dogovorenog vremena dolaska.<\/li>\n<li>Ako kasnite, molimo vas da nas o tome obavijestite \u0161to je prije mogu\u0107e. U protivnom, nakon 20 minuta, rezervacija \u0107e biti poni\u0161tena, a stol stavljen na raspolaganje drugim gostima.<\/li>\n<\/ul>\n<h2>3. Otkazivanje rezervacije<\/h2>\n<ul>\n<li>Ako ne mo\u017eete do\u0107i u dogovoreno vrijeme, molimo vas da rezervaciju otka\u017eete putem na\u0161e web stranice, e-maila ili telefona.<\/li>\n<li>Otkazivanje je mogu\u0107e najkasnije do 3 sata prije zakazanog vremena.<\/li>\n<\/ul>\n<h2>4. Promjene rezervacije<\/h2>\n<ul>\n<li>Sve izmjene (broj gostiju, vrijeme dolaska) potrebno je unaprijed dogovoriti, ovisno o raspolo\u017eivosti.<\/li>\n<\/ul>\n<h2>5. Grupe i posebni zahtjevi<\/h2>\n<ul>\n<li>Za grupe ve\u0107e od 6 osoba, potrebno je unaprijed potvrditi dolazak. Zadr\u017eavamo pravo tra\u017eiti polog ili unaprijed dogovoriti posebne uvjete.<\/li>\n<li>Posebne zahtjeve (dijetalne potrebe, proslava, aran\u017emani) nastojat \u0107emo ispuniti u skladu s na\u0161im mogu\u0107nostima.<\/li>\n<\/ul>\n<h2>6. Trajanje rezervacije<\/h2>\n<ul>\n<li>U slu\u010daju ve\u0107eg broja rezervacija, trajanje kori\u0161tenja stola mo\u017ee biti vremenski ograni\u010deno. O tome \u0107emo vas unaprijed obavijestiti.<\/li>\n<\/ul>\n<h2>7. Uvjeti za doga\u0111anja i privatne proslave<\/h2>\n<ul>\n<li>Za privatne proslave i posebne doga\u0111aje primjenjuju se zasebni uvjeti koji \u0107e biti navedeni prilikom dogovora.<\/li>\n<\/ul>\n<h2>8. Nepo\u0161tivanje uvjeta<\/h2>\n<ul>\n<li>Zadr\u017eavamo pravo otkazati rezervaciju u slu\u010daju nepo\u0161tivanja ovih uvjeta ili u slu\u010daju nepredvi\u0111enih okolnosti.<\/li>\n<\/ul>\n<h2>Kontakt za rezervacije<\/h2>\n<p>Za sve dodatne informacije, izmjene ili otkazivanje rezervacije, obratite nam se putem e-maila <a href=\"mailto:trattoria@mimes.hr\">trattoria@mimes.hr<\/a> <a href=\"mailto:fortytwo@mimes.hr\">fortytwo@mimes.hr<\/a> ili telefonom na <a href=\"tel:+385012093030\">+385 01 2093 030<\/a> (Trattoria)<br \/>\n<a href=\"tel:+3859110813\">+385 911 0813<\/a> (Forty).<\/p>\n<p>Hvala vam \u0161to po\u0161tujete na\u0161a pravila i omogu\u0107ujete nam da pru\u017eimo kvalitetnu uslugu svim na\u0161im gostima!<\/p>\n","protected":false},"excerpt":{"rendered":"<p>Dobrodo\u0161li u Mime\u2019s! Kako bismo osigurali ugodno iskustvo za sve na\u0161e goste, postavili smo sljede\u0107e uvjete rezervacija. 1. Potvrda rezervacije Rezervacija stola smatra se potvr\u0111enom kada dobijete e-mail ili SMS potvrdu da je rezervacija upisana. Molimo da provjerite to\u010dnost unesenih podataka tijekom rezervacije. 2. Vrijeme dolaska Rezervirani stol bit \u0107e zadr\u017ean 20 minuta od dogovorenog [&hellip;]<\/p>\n","protected":false},"author":1,"featured_media":0,"parent":0,"menu_order":0,"comment_status":"closed","ping_status":"closed","template":"templates\/page-default.php","meta":{"_acf_changed":false,"footnotes":""},"class_list":["post-353","page","type-page","status-publish","hentry"],"acf":[],"yoast_head":"<!-- This site is optimized with the Yoast SEO plugin v27.2 - https:\/\/yoast.com\/product\/yoast-seo-wordpress\/ -->\n<title>Reservation Conditions \u2013 Mimes group<\/title>\n<meta name=\"description\" content=\"Find out everything you need to know about booking with Mimes group. Read our reservation conditions before making your reservation.\" \/>\n<meta name=\"robots\" content=\"index, follow, max-snippet:-1, max-image-preview:large, max-video-preview:-1\" \/>\n<link rel=\"canonical\" href=\"https:\/\/mimes.hr\/en\/reservation-conditions\/\" \/>\n<meta property=\"og:locale\" content=\"en_US\" \/>\n<meta property=\"og:type\" content=\"article\" \/>\n<meta property=\"og:title\" content=\"Reservation Conditions \u2013 Mimes group\" \/>\n<meta property=\"og:description\" content=\"Find out everything you need to know about booking with Mimes group. Read our reservation conditions before making your reservation.\" \/>\n<meta property=\"og:url\" content=\"https:\/\/mimes.hr\/en\/reservation-conditions\/\" \/>\n<meta property=\"og:site_name\" content=\"Mimes\" \/>\n<meta property=\"article:modified_time\" content=\"2025-06-25T17:34:05+00:00\" \/>\n<meta name=\"twitter:card\" content=\"summary_large_image\" \/>\n<script type=\"application\/ld+json\" class=\"yoast-schema-graph\">{\"@context\":\"https:\/\/schema.org\",\"@graph\":[{\"@type\":\"WebPage\",\"@id\":\"https:\/\/mimes.hr\/en\/reservation-conditions\/\",\"url\":\"https:\/\/mimes.hr\/en\/reservation-conditions\/\",\"name\":\"Reservation Conditions \u2013 Mimes group\",\"isPartOf\":{\"@id\":\"https:\/\/mimes.hr\/en\/#website\"},\"datePublished\":\"2024-11-24T12:05:17+00:00\",\"dateModified\":\"2025-06-25T17:34:05+00:00\",\"description\":\"Find out everything you need to know about booking with Mimes group. Read our reservation conditions before making your reservation.\",\"breadcrumb\":{\"@id\":\"https:\/\/mimes.hr\/en\/reservation-conditions\/#breadcrumb\"},\"inLanguage\":\"en-US\",\"potentialAction\":[{\"@type\":\"ReadAction\",\"target\":[\"https:\/\/mimes.hr\/en\/reservation-conditions\/\"]}]},{\"@type\":\"BreadcrumbList\",\"@id\":\"https:\/\/mimes.hr\/en\/reservation-conditions\/#breadcrumb\",\"itemListElement\":[{\"@type\":\"ListItem\",\"position\":1,\"name\":\"Home\",\"item\":\"https:\/\/mimes.hr\/en\/\"},{\"@type\":\"ListItem\",\"position\":2,\"name\":\"Reservation conditions\"}]},{\"@type\":\"WebSite\",\"@id\":\"https:\/\/mimes.hr\/en\/#website\",\"url\":\"https:\/\/mimes.hr\/en\/\",\"name\":\"Mimes\",\"description\":\"\",\"potentialAction\":[{\"@type\":\"SearchAction\",\"target\":{\"@type\":\"EntryPoint\",\"urlTemplate\":\"https:\/\/mimes.hr\/en\/?s={search_term_string}\"},\"query-input\":{\"@type\":\"PropertyValueSpecification\",\"valueRequired\":true,\"valueName\":\"search_term_string\"}}],\"inLanguage\":\"en-US\"}]}<\/script>\n<!-- \/ Yoast SEO plugin. -->","yoast_head_json":{"title":"Reservation Conditions \u2013 Mimes group","description":"Find out everything you need to know about booking with Mimes group. Read our reservation conditions before making your reservation.","robots":{"index":"index","follow":"follow","max-snippet":"max-snippet:-1","max-image-preview":"max-image-preview:large","max-video-preview":"max-video-preview:-1"},"canonical":"https:\/\/mimes.hr\/en\/reservation-conditions\/","og_locale":"en_US","og_type":"article","og_title":"Reservation Conditions \u2013 Mimes group","og_description":"Find out everything you need to know about booking with Mimes group. Read our reservation conditions before making your reservation.","og_url":"https:\/\/mimes.hr\/en\/reservation-conditions\/","og_site_name":"Mimes","article_modified_time":"2025-06-25T17:34:05+00:00","twitter_card":"summary_large_image","schema":{"@context":"https:\/\/schema.org","@graph":[{"@type":"WebPage","@id":"https:\/\/mimes.hr\/en\/reservation-conditions\/","url":"https:\/\/mimes.hr\/en\/reservation-conditions\/","name":"Reservation Conditions \u2013 Mimes group","isPartOf":{"@id":"https:\/\/mimes.hr\/en\/#website"},"datePublished":"2024-11-24T12:05:17+00:00","dateModified":"2025-06-25T17:34:05+00:00","description":"Find out everything you need to know about booking with Mimes group. Read our reservation conditions before making your reservation.","breadcrumb":{"@id":"https:\/\/mimes.hr\/en\/reservation-conditions\/#breadcrumb"},"inLanguage":"en-US","potentialAction":[{"@type":"ReadAction","target":["https:\/\/mimes.hr\/en\/reservation-conditions\/"]}]},{"@type":"BreadcrumbList","@id":"https:\/\/mimes.hr\/en\/reservation-conditions\/#breadcrumb","itemListElement":[{"@type":"ListItem","position":1,"name":"Home","item":"https:\/\/mimes.hr\/en\/"},{"@type":"ListItem","position":2,"name":"Reservation conditions"}]},{"@type":"WebSite","@id":"https:\/\/mimes.hr\/en\/#website","url":"https:\/\/mimes.hr\/en\/","name":"Mimes","description":"","potentialAction":[{"@type":"SearchAction","target":{"@type":"EntryPoint","urlTemplate":"https:\/\/mimes.hr\/en\/?s={search_term_string}"},"query-input":{"@type":"PropertyValueSpecification","valueRequired":true,"valueName":"search_term_string"}}],"inLanguage":"en-US"}]}},"_links":{"self":[{"href":"https:\/\/mimes.hr\/en\/wp-json\/wp\/v2\/pages\/353","targetHints":{"allow":["GET"]}}],"collection":[{"href":"https:\/\/mimes.hr\/en\/wp-json\/wp\/v2\/pages"}],"about":[{"href":"https:\/\/mimes.hr\/en\/wp-json\/wp\/v2\/types\/page"}],"author":[{"embeddable":true,"href":"https:\/\/mimes.hr\/en\/wp-json\/wp\/v2\/users\/1"}],"replies":[{"embeddable":true,"href":"https:\/\/mimes.hr\/en\/wp-json\/wp\/v2\/comments?post=353"}],"version-history":[{"count":2,"href":"https:\/\/mimes.hr\/en\/wp-json\/wp\/v2\/pages\/353\/revisions"}],"predecessor-version":[{"id":355,"href":"https:\/\/mimes.hr\/en\/wp-json\/wp\/v2\/pages\/353\/revisions\/355"}],"wp:attachment":[{"href":"https:\/\/mimes.hr\/en\/wp-json\/wp\/v2\/media?parent=353"}],"curies":[{"name":"wp","href":"https:\/\/api.w.org\/{rel}","templated":true}]}}