{"id":363,"date":"2024-11-24T13:10:04","date_gmt":"2024-11-24T12:10:04","guid":{"rendered":"https:\/\/mimes.hr\/postani-dio-naseg-tima\/"},"modified":"2025-06-25T19:45:33","modified_gmt":"2025-06-25T17:45:33","slug":"join-our-team","status":"publish","type":"page","link":"https:\/\/mimes.hr\/en\/join-our-team\/","title":{"rendered":"Join Our Team"},"content":{"rendered":"<p>\u017deli\u0161 postati dio Mime\u2019s Trattoria tima? Tra\u017eimo entuzijasti\u010dne, predane i kreativne pojedince koji dijele na\u0161u strast za izvrsnom hranom i vrhunskom uslugom.<\/p>\n<h2>\u0160to nudimo?<\/h2>\n<ul>\n<li>Rad u uspje\u0161noj kulinarskoj grupaciji.<\/li>\n<li>Prilike za profesionalni razvoj i napredovanje.<\/li>\n<li>Pozitivnu i podr\u017eavaju\u0107u radnu atmosferu.<\/li>\n<\/ul>\n<h2>Koga tra\u017eimo?<\/h2>\n<p>Osobe koje:<\/p>\n<ul>\n<li>Cijene timski rad i u\u017eivaju u interakciji s gostima.<\/li>\n<li>Imaju proaktivni pristup i \u017eelju za u\u010denjem.<\/li>\n<li>Dijele na\u0161u posve\u0107enost kvaliteti i detaljima.<\/li>\n<\/ul>\n<h2>Kako se prijaviti?<\/h2>\n<p>Po\u0161alji svoj \u017eivotopis i motivacijsko pismo na <a href=\"mailto:web@mimes.hr\">web@mimes.hr<\/a> i pridru\u017ei se timu koji stvara nezaboravna iskustva za na\u0161e goste!<\/p>\n","protected":false},"excerpt":{"rendered":"<p>\u017deli\u0161 postati dio Mime\u2019s Trattoria tima? Tra\u017eimo entuzijasti\u010dne, predane i kreativne pojedince koji dijele na\u0161u strast za izvrsnom hranom i vrhunskom uslugom. \u0160to nudimo? Rad u uspje\u0161noj kulinarskoj grupaciji. Prilike za profesionalni razvoj i napredovanje. Pozitivnu i podr\u017eavaju\u0107u radnu atmosferu. Koga tra\u017eimo? Osobe koje: Cijene timski rad i u\u017eivaju u interakciji s gostima. Imaju proaktivni [&hellip;]<\/p>\n","protected":false},"author":1,"featured_media":0,"parent":0,"menu_order":0,"comment_status":"closed","ping_status":"closed","template":"templates\/page-default.php","meta":{"_acf_changed":false,"footnotes":""},"class_list":["post-363","page","type-page","status-publish","hentry"],"acf":[],"yoast_head":"<!-- This site is optimized with the Yoast SEO plugin v27.2 - https:\/\/yoast.com\/product\/yoast-seo-wordpress\/ -->\n<title>Join Our Team \u2013 Mimes group<\/title>\n<meta name=\"description\" content=\"Looking for a new opportunity? Join Mimes group and be part of a passionate, creative, and dynamic team. Explore our open positions today.\" \/>\n<meta name=\"robots\" content=\"index, follow, max-snippet:-1, max-image-preview:large, max-video-preview:-1\" \/>\n<link rel=\"canonical\" href=\"https:\/\/mimes.hr\/en\/join-our-team\/\" \/>\n<meta property=\"og:locale\" content=\"en_US\" \/>\n<meta property=\"og:type\" content=\"article\" \/>\n<meta property=\"og:title\" content=\"Join Our Team \u2013 Mimes group\" \/>\n<meta property=\"og:description\" content=\"Looking for a new opportunity? Join Mimes group and be part of a passionate, creative, and dynamic team. Explore our open positions today.\" \/>\n<meta property=\"og:url\" content=\"https:\/\/mimes.hr\/en\/join-our-team\/\" \/>\n<meta property=\"og:site_name\" content=\"Mimes\" \/>\n<meta property=\"article:modified_time\" content=\"2025-06-25T17:45:33+00:00\" \/>\n<meta name=\"twitter:card\" content=\"summary_large_image\" \/>\n<script type=\"application\/ld+json\" class=\"yoast-schema-graph\">{\"@context\":\"https:\/\/schema.org\",\"@graph\":[{\"@type\":\"WebPage\",\"@id\":\"https:\/\/mimes.hr\/en\/join-our-team\/\",\"url\":\"https:\/\/mimes.hr\/en\/join-our-team\/\",\"name\":\"Join Our Team \u2013 Mimes group\",\"isPartOf\":{\"@id\":\"https:\/\/mimes.hr\/en\/#website\"},\"datePublished\":\"2024-11-24T12:10:04+00:00\",\"dateModified\":\"2025-06-25T17:45:33+00:00\",\"description\":\"Looking for a new opportunity? Join Mimes group and be part of a passionate, creative, and dynamic team. Explore our open positions today.\",\"breadcrumb\":{\"@id\":\"https:\/\/mimes.hr\/en\/join-our-team\/#breadcrumb\"},\"inLanguage\":\"en-US\",\"potentialAction\":[{\"@type\":\"ReadAction\",\"target\":[\"https:\/\/mimes.hr\/en\/join-our-team\/\"]}]},{\"@type\":\"BreadcrumbList\",\"@id\":\"https:\/\/mimes.hr\/en\/join-our-team\/#breadcrumb\",\"itemListElement\":[{\"@type\":\"ListItem\",\"position\":1,\"name\":\"Home\",\"item\":\"https:\/\/mimes.hr\/en\/\"},{\"@type\":\"ListItem\",\"position\":2,\"name\":\"Join Our Team\"}]},{\"@type\":\"WebSite\",\"@id\":\"https:\/\/mimes.hr\/en\/#website\",\"url\":\"https:\/\/mimes.hr\/en\/\",\"name\":\"Mimes\",\"description\":\"\",\"potentialAction\":[{\"@type\":\"SearchAction\",\"target\":{\"@type\":\"EntryPoint\",\"urlTemplate\":\"https:\/\/mimes.hr\/en\/?s={search_term_string}\"},\"query-input\":{\"@type\":\"PropertyValueSpecification\",\"valueRequired\":true,\"valueName\":\"search_term_string\"}}],\"inLanguage\":\"en-US\"}]}<\/script>\n<!-- \/ Yoast SEO plugin. -->","yoast_head_json":{"title":"Join Our Team \u2013 Mimes group","description":"Looking for a new opportunity? Join Mimes group and be part of a passionate, creative, and dynamic team. Explore our open positions today.","robots":{"index":"index","follow":"follow","max-snippet":"max-snippet:-1","max-image-preview":"max-image-preview:large","max-video-preview":"max-video-preview:-1"},"canonical":"https:\/\/mimes.hr\/en\/join-our-team\/","og_locale":"en_US","og_type":"article","og_title":"Join Our Team \u2013 Mimes group","og_description":"Looking for a new opportunity? Join Mimes group and be part of a passionate, creative, and dynamic team. Explore our open positions today.","og_url":"https:\/\/mimes.hr\/en\/join-our-team\/","og_site_name":"Mimes","article_modified_time":"2025-06-25T17:45:33+00:00","twitter_card":"summary_large_image","schema":{"@context":"https:\/\/schema.org","@graph":[{"@type":"WebPage","@id":"https:\/\/mimes.hr\/en\/join-our-team\/","url":"https:\/\/mimes.hr\/en\/join-our-team\/","name":"Join Our Team \u2013 Mimes group","isPartOf":{"@id":"https:\/\/mimes.hr\/en\/#website"},"datePublished":"2024-11-24T12:10:04+00:00","dateModified":"2025-06-25T17:45:33+00:00","description":"Looking for a new opportunity? Join Mimes group and be part of a passionate, creative, and dynamic team. Explore our open positions today.","breadcrumb":{"@id":"https:\/\/mimes.hr\/en\/join-our-team\/#breadcrumb"},"inLanguage":"en-US","potentialAction":[{"@type":"ReadAction","target":["https:\/\/mimes.hr\/en\/join-our-team\/"]}]},{"@type":"BreadcrumbList","@id":"https:\/\/mimes.hr\/en\/join-our-team\/#breadcrumb","itemListElement":[{"@type":"ListItem","position":1,"name":"Home","item":"https:\/\/mimes.hr\/en\/"},{"@type":"ListItem","position":2,"name":"Join Our Team"}]},{"@type":"WebSite","@id":"https:\/\/mimes.hr\/en\/#website","url":"https:\/\/mimes.hr\/en\/","name":"Mimes","description":"","potentialAction":[{"@type":"SearchAction","target":{"@type":"EntryPoint","urlTemplate":"https:\/\/mimes.hr\/en\/?s={search_term_string}"},"query-input":{"@type":"PropertyValueSpecification","valueRequired":true,"valueName":"search_term_string"}}],"inLanguage":"en-US"}]}},"_links":{"self":[{"href":"https:\/\/mimes.hr\/en\/wp-json\/wp\/v2\/pages\/363","targetHints":{"allow":["GET"]}}],"collection":[{"href":"https:\/\/mimes.hr\/en\/wp-json\/wp\/v2\/pages"}],"about":[{"href":"https:\/\/mimes.hr\/en\/wp-json\/wp\/v2\/types\/page"}],"author":[{"embeddable":true,"href":"https:\/\/mimes.hr\/en\/wp-json\/wp\/v2\/users\/1"}],"replies":[{"embeddable":true,"href":"https:\/\/mimes.hr\/en\/wp-json\/wp\/v2\/comments?post=363"}],"version-history":[{"count":3,"href":"https:\/\/mimes.hr\/en\/wp-json\/wp\/v2\/pages\/363\/revisions"}],"predecessor-version":[{"id":429,"href":"https:\/\/mimes.hr\/en\/wp-json\/wp\/v2\/pages\/363\/revisions\/429"}],"wp:attachment":[{"href":"https:\/\/mimes.hr\/en\/wp-json\/wp\/v2\/media?parent=363"}],"curies":[{"name":"wp","href":"https:\/\/api.w.org\/{rel}","templated":true}]}}